{"id":950,"date":"2025-10-07T15:08:01","date_gmt":"2025-10-07T18:08:01","guid":{"rendered":"https:\/\/melevaprodigital.com.br\/lp\/?page_id=950"},"modified":"2025-10-07T15:17:12","modified_gmt":"2025-10-07T18:17:12","slug":"termos-de-uso","status":"publish","type":"page","link":"https:\/\/melevaprodigital.com.br\/lp\/termos-de-uso\/","title":{"rendered":"Termos de uso"},"content":{"rendered":"\t\t<div data-elementor-type=\"wp-page\" data-elementor-id=\"950\" class=\"elementor elementor-950\" data-elementor-post-type=\"page\">\n\t\t\t\t<div class=\"elementor-element elementor-element-98abc0c e-con-full e-flex e-con e-child\" data-id=\"98abc0c\" data-element_type=\"container\" data-e-type=\"container\" data-settings=\"{&quot;background_background&quot;:&quot;classic&quot;}\">\n\t\t\t\t<div class=\"elementor-element elementor-element-17b51e4 elementor-widget__width-initial elementor-widget elementor-widget-image\" data-id=\"17b51e4\" data-element_type=\"widget\" data-e-type=\"widget\" data-widget_type=\"image.default\">\n\t\t\t\t\t\t\t\t\t\t\t\t\t\t\t\t<a href=\"https:\/\/melevaprodigital.com.br\/lp\">\n\t\t\t\t\t\t\t<img fetchpriority=\"high\" decoding=\"async\" width=\"800\" height=\"566\" src=\"https:\/\/melevaprodigital.com.br\/lp\/wp-content\/uploads\/2025\/09\/logo-clara.png\" class=\"attachment-full size-full wp-image-46\" alt=\"\" srcset=\"https:\/\/melevaprodigital.com.br\/lp\/wp-content\/uploads\/2025\/09\/logo-clara.png 800w, https:\/\/melevaprodigital.com.br\/lp\/wp-content\/uploads\/2025\/09\/logo-clara-300x212.png 300w, https:\/\/melevaprodigital.com.br\/lp\/wp-content\/uploads\/2025\/09\/logo-clara-768x543.png 768w\" sizes=\"(max-width: 800px) 100vw, 800px\" \/>\t\t\t\t\t\t\t\t<\/a>\n\t\t\t\t\t\t\t\t\t\t\t\t\t\t\t<\/div>\n\t\t\t\t<div class=\"elementor-element elementor-element-e55b16d elementor-nav-menu__align-end elementor-nav-menu--stretch elementor-widget__width-initial elementor-nav-menu--dropdown-tablet elementor-nav-menu__text-align-aside elementor-nav-menu--toggle elementor-nav-menu--burger elementor-widget elementor-widget-nav-menu\" data-id=\"e55b16d\" data-element_type=\"widget\" data-e-type=\"widget\" data-settings=\"{&quot;full_width&quot;:&quot;stretch&quot;,&quot;layout&quot;:&quot;horizontal&quot;,&quot;submenu_icon&quot;:{&quot;value&quot;:&quot;&lt;svg aria-hidden=\\&quot;true\\&quot; class=\\&quot;e-font-icon-svg e-fas-caret-down\\&quot; viewBox=\\&quot;0 0 320 512\\&quot; xmlns=\\&quot;http:\\\/\\\/www.w3.org\\\/2000\\\/svg\\&quot;&gt;&lt;path d=\\&quot;M31.3 192h257.3c17.8 0 26.7 21.5 14.1 34.1L174.1 354.8c-7.8 7.8-20.5 7.8-28.3 0L17.2 226.1C4.6 213.5 13.5 192 31.3 192z\\&quot;&gt;&lt;\\\/path&gt;&lt;\\\/svg&gt;&quot;,&quot;library&quot;:&quot;fa-solid&quot;},&quot;toggle&quot;:&quot;burger&quot;}\" data-widget_type=\"nav-menu.default\">\n\t\t\t\t\t\t\t\t<nav aria-label=\"Menu\" class=\"elementor-nav-menu--main elementor-nav-menu__container elementor-nav-menu--layout-horizontal e--pointer-none\">\n\t\t\t\t<ul id=\"menu-1-e55b16d\" class=\"elementor-nav-menu\"><li class=\"menu-item menu-item-type-post_type menu-item-object-page menu-item-home menu-item-931\"><a href=\"https:\/\/melevaprodigital.com.br\/lp\/\" class=\"elementor-item\">In\u00edcio<\/a><\/li>\n<li class=\"menu-item menu-item-type-custom menu-item-object-custom menu-item-home menu-item-932\"><a href=\"https:\/\/melevaprodigital.com.br\/lp\/#sobre\" class=\"elementor-item elementor-item-anchor\">Sobre<\/a><\/li>\n<li class=\"menu-item menu-item-type-custom menu-item-object-custom menu-item-home menu-item-933\"><a href=\"https:\/\/melevaprodigital.com.br\/lp\/#faq\" class=\"elementor-item elementor-item-anchor\">FAQ<\/a><\/li>\n<li class=\"menu-item menu-item-type-custom menu-item-object-custom menu-item-home menu-item-934\"><a href=\"https:\/\/melevaprodigital.com.br\/lp\/#contato\" class=\"elementor-item elementor-item-anchor\">Contato<\/a><\/li>\n<\/ul>\t\t\t<\/nav>\n\t\t\t\t\t<div class=\"elementor-menu-toggle\" role=\"button\" tabindex=\"0\" aria-label=\"Menu Toggle\" aria-expanded=\"false\">\n\t\t\t<svg aria-hidden=\"true\" role=\"presentation\" class=\"elementor-menu-toggle__icon--open e-font-icon-svg e-eicon-menu-bar\" viewBox=\"0 0 1000 1000\" xmlns=\"http:\/\/www.w3.org\/2000\/svg\"><path d=\"M104 333H896C929 333 958 304 958 271S929 208 896 208H104C71 208 42 237 42 271S71 333 104 333ZM104 583H896C929 583 958 554 958 521S929 458 896 458H104C71 458 42 487 42 521S71 583 104 583ZM104 833H896C929 833 958 804 958 771S929 708 896 708H104C71 708 42 737 42 771S71 833 104 833Z\"><\/path><\/svg><svg aria-hidden=\"true\" role=\"presentation\" class=\"elementor-menu-toggle__icon--close e-font-icon-svg e-eicon-close\" viewBox=\"0 0 1000 1000\" xmlns=\"http:\/\/www.w3.org\/2000\/svg\"><path d=\"M742 167L500 408 258 167C246 154 233 150 217 150 196 150 179 158 167 167 154 179 150 196 150 212 150 229 154 242 171 254L408 500 167 742C138 771 138 800 167 829 196 858 225 858 254 829L496 587 738 829C750 842 767 846 783 846 800 846 817 842 829 829 842 817 846 804 846 783 846 767 842 750 829 737L588 500 833 258C863 229 863 200 833 171 804 137 775 137 742 167Z\"><\/path><\/svg>\t\t<\/div>\n\t\t\t\t\t<nav class=\"elementor-nav-menu--dropdown elementor-nav-menu__container\" aria-hidden=\"true\">\n\t\t\t\t<ul id=\"menu-2-e55b16d\" class=\"elementor-nav-menu\"><li class=\"menu-item menu-item-type-post_type menu-item-object-page menu-item-home menu-item-931\"><a href=\"https:\/\/melevaprodigital.com.br\/lp\/\" class=\"elementor-item\" tabindex=\"-1\">In\u00edcio<\/a><\/li>\n<li class=\"menu-item menu-item-type-custom menu-item-object-custom menu-item-home menu-item-932\"><a href=\"https:\/\/melevaprodigital.com.br\/lp\/#sobre\" class=\"elementor-item elementor-item-anchor\" tabindex=\"-1\">Sobre<\/a><\/li>\n<li class=\"menu-item menu-item-type-custom menu-item-object-custom menu-item-home menu-item-933\"><a href=\"https:\/\/melevaprodigital.com.br\/lp\/#faq\" class=\"elementor-item elementor-item-anchor\" tabindex=\"-1\">FAQ<\/a><\/li>\n<li class=\"menu-item menu-item-type-custom menu-item-object-custom menu-item-home menu-item-934\"><a href=\"https:\/\/melevaprodigital.com.br\/lp\/#contato\" class=\"elementor-item elementor-item-anchor\" tabindex=\"-1\">Contato<\/a><\/li>\n<\/ul>\t\t\t<\/nav>\n\t\t\t\t\t\t<\/div>\n\t\t\t\t<\/div>\n\t\t<div class=\"elementor-element elementor-element-f6fe76d e-flex e-con-boxed e-con e-parent\" data-id=\"f6fe76d\" data-element_type=\"container\" data-e-type=\"container\">\n\t\t\t\t\t<div class=\"e-con-inner\">\n\t\t\t\t<div class=\"elementor-element elementor-element-19f7422 elementor-widget elementor-widget-heading\" data-id=\"19f7422\" data-element_type=\"widget\" data-e-type=\"widget\" data-widget_type=\"heading.default\">\n\t\t\t\t\t<h2 class=\"elementor-heading-title elementor-size-default\">Termos de uso<\/h2>\t\t\t\t<\/div>\n\t\t\t\t<div class=\"elementor-element elementor-element-6c7ad70 elementor-widget elementor-widget-text-editor\" data-id=\"6c7ad70\" data-element_type=\"widget\" data-e-type=\"widget\" data-widget_type=\"text-editor.default\">\n\t\t\t\t\t\t\t\t\t<h6><span style=\"color: #444444;\">1. Termos<\/span><\/h6><p><span style=\"color: #444444;\">Ao acessar ao site <a href=\"https:\/\/melevaprodigital.com.br\/lp\">Me leva pro Digital<\/a>, concorda em cumprir estes termos de servi\u00e7o, todas as leis e regulamentos aplic\u00e1veis \u200b\u200be concorda que \u00e9 respons\u00e1vel pelo cumprimento de todas as leis locais aplic\u00e1veis. Se voc\u00ea n\u00e3o concordar com algum desses termos, est\u00e1 proibido de usar ou acessar este site. Os materiais contidos neste site s\u00e3o protegidos pelas leis de direitos autorais e marcas comerciais aplic\u00e1veis.<\/span><\/p><h6><span style=\"color: #444444;\">2. Uso de Licen\u00e7a<\/span><\/h6><p><span style=\"color: #444444;\">\u00c9 concedida permiss\u00e3o para baixar temporariamente uma c\u00f3pia dos materiais (informa\u00e7\u00f5es ou software) no site Me leva pro Digital , apenas para visualiza\u00e7\u00e3o transit\u00f3ria pessoal e n\u00e3o comercial. Esta \u00e9 a concess\u00e3o de uma licen\u00e7a, n\u00e3o uma transfer\u00eancia de t\u00edtulo e, sob esta licen\u00e7a, voc\u00ea n\u00e3o pode:\u00a0<\/span><\/p><ol><li><span style=\"color: #444444;\">modificar ou copiar os materiais;\u00a0<\/span><\/li><li><span style=\"color: #444444;\">usar os materiais para qualquer finalidade comercial ou para exibi\u00e7\u00e3o p\u00fablica (comercial ou n\u00e3o comercial);\u00a0<\/span><\/li><li><span style=\"color: #444444;\">tentar descompilar ou fazer engenharia reversa de qualquer software contido no site Me leva pro Digital;\u00a0<\/span><\/li><li><span style=\"color: #444444;\">remover quaisquer direitos autorais ou outras nota\u00e7\u00f5es de propriedade dos materiais; ou\u00a0<\/span><\/li><li><span style=\"color: #444444;\">transferir os materiais para outra pessoa ou &#8216;espelhe&#8217; os materiais em qualquer outro servidor.<\/span><\/li><\/ol><p><span style=\"color: #444444;\">Esta licen\u00e7a ser\u00e1 automaticamente rescindida se voc\u00ea violar alguma dessas restri\u00e7\u00f5es e poder\u00e1 ser rescindida por Me leva pro Digital a qualquer momento. Ao encerrar a visualiza\u00e7\u00e3o desses materiais ou ap\u00f3s o t\u00e9rmino desta licen\u00e7a, voc\u00ea deve apagar todos os materiais baixados em sua posse, seja em formato eletr\u00f3nico ou impresso.<\/span><\/p><h6><span style=\"color: #444444;\">3. Isen\u00e7\u00e3o de responsabilidade<\/span><\/h6><ol><li><span style=\"color: #444444;\">Os materiais no site da Me leva pro Digital s\u00e3o fornecidos &#8216;como est\u00e3o&#8217;. Me leva pro Digital n\u00e3o oferece garantias, expressas ou impl\u00edcitas, e, por este meio, isenta e nega todas as outras garantias, incluindo, sem limita\u00e7\u00e3o, garantias impl\u00edcitas ou condi\u00e7\u00f5es de comercializa\u00e7\u00e3o, adequa\u00e7\u00e3o a um fim espec\u00edfico ou n\u00e3o viola\u00e7\u00e3o de propriedade intelectual ou outra viola\u00e7\u00e3o de direitos.<\/span><\/li><li><span style=\"color: #444444;\">Al\u00e9m disso, o Me leva pro Digital n\u00e3o garante ou faz qualquer representa\u00e7\u00e3o relativa \u00e0 precis\u00e3o, aos resultados prov\u00e1veis \u200b\u200bou \u00e0 confiabilidade do uso dos materiais em seu site ou de outra forma relacionado a esses materiais ou em sites vinculados a este site.<\/span><\/li><\/ol><h6><span style=\"color: #444444;\">4. Limita\u00e7\u00f5es<\/span><\/h6><p><span style=\"color: #444444;\">Em nenhum caso o Me leva pro Digital ou seus fornecedores ser\u00e3o respons\u00e1veis \u200b\u200bpor quaisquer danos (incluindo, sem limita\u00e7\u00e3o, danos por perda de dados ou lucro ou devido a interrup\u00e7\u00e3o dos neg\u00f3cios) decorrentes do uso ou da incapacidade de usar os materiais em Me leva pro Digital, mesmo que Me leva pro Digital ou um representante autorizado da Me leva pro Digital tenha sido notificado oralmente ou por escrito da possibilidade de tais danos. Como algumas jurisdi\u00e7\u00f5es n\u00e3o permitem limita\u00e7\u00f5es em garantias impl\u00edcitas, ou limita\u00e7\u00f5es de responsabilidade por danos conseq\u00fcentes ou incidentais, essas limita\u00e7\u00f5es podem n\u00e3o se aplicar a voc\u00ea.<\/span><\/p><h6><span style=\"color: #444444;\">5. Precis\u00e3o dos materiais<\/span><\/h6><p><span style=\"color: #444444;\">Os materiais exibidos no site da Me leva pro Digital podem incluir erros t\u00e9cnicos, tipogr\u00e1ficos ou fotogr\u00e1ficos. Me leva pro Digital n\u00e3o garante que qualquer material em seu site seja preciso, completo ou atual. Me leva pro Digital pode fazer altera\u00e7\u00f5es nos materiais contidos em seu site a qualquer momento, sem aviso pr\u00e9vio. No entanto, Me leva pro Digital n\u00e3o se compromete a atualizar os materiais.<\/span><\/p><h6><span style=\"color: #444444;\">6. Links<\/span><\/h6><p><span style=\"color: #444444;\">O Me leva pro Digital n\u00e3o analisou todos os sites vinculados ao seu site e n\u00e3o \u00e9 respons\u00e1vel pelo conte\u00fado de nenhum site vinculado. A inclus\u00e3o de qualquer link n\u00e3o implica endosso por Me leva pro Digital do site. O uso de qualquer site vinculado \u00e9 por conta e risco do usu\u00e1rio.<\/span><\/p><p>\u00a0<\/p><h6><span style=\"color: #444444;\">Modifica\u00e7\u00f5es<\/span><\/h6><p><span style=\"color: #444444;\">O Me leva pro Digital pode revisar estes termos de servi\u00e7o do site a qualquer momento, sem aviso pr\u00e9vio. Ao usar este site, voc\u00ea concorda em ficar vinculado \u00e0 vers\u00e3o atual desses termos de servi\u00e7o.<\/span><\/p><h6><span style=\"color: #444444;\">Lei aplic\u00e1vel<\/span><\/h6><p><span style=\"color: #444444;\">Estes termos e condi\u00e7\u00f5es s\u00e3o regidos e interpretados de acordo com as leis do Me leva pro Digital e voc\u00ea se submete irrevogavelmente \u00e0 jurisdi\u00e7\u00e3o exclusiva dos tribunais naquele estado ou localidade.<\/span><\/p>\t\t\t\t\t\t\t\t<\/div>\n\t\t\t\t\t<\/div>\n\t\t\t\t<\/div>\n\t\t<div class=\"elementor-element elementor-element-bf13102 e-flex e-con-boxed e-con e-parent\" data-id=\"bf13102\" data-element_type=\"container\" data-e-type=\"container\" data-settings=\"{&quot;background_background&quot;:&quot;classic&quot;}\">\n\t\t\t\t\t<div class=\"e-con-inner\">\n\t\t\t\t<div class=\"elementor-element elementor-element-dc86df4 elementor-widget elementor-widget-heading\" data-id=\"dc86df4\" data-element_type=\"widget\" data-e-type=\"widget\" data-widget_type=\"heading.default\">\n\t\t\t\t\t<h2 class=\"elementor-heading-title elementor-size-default\">\u00a9 2025 Me Leva Pro Digital. Todos os direitos reservados. CNPJ 49.591.853\/0001-34<\/h2>\t\t\t\t<\/div>\n\t\t\t\t<div class=\"elementor-element elementor-element-af30639 elementor-widget elementor-widget-text-editor\" data-id=\"af30639\" data-element_type=\"widget\" data-e-type=\"widget\" data-widget_type=\"text-editor.default\">\n\t\t\t\t\t\t\t\t\t<a href=\"https:\/\/melevaprodigital.com.br\/lp\/politica-de-privacidade\/\"><span style=\"color: #ffffff;\">Pol\u00edtica de Privacidade<\/span><\/a> | <span style=\"color: #ffffff;\"><a style=\"color: #ffffff;\" href=\"https:\/\/melevaprodigital.com.br\/lp\/termos-de-uso\/\">Termos de <\/a><a style=\"color: #ffffff;\" href=\"https:\/\/melevaprodigital.com.br\/lp\/termos-de-uso\/\">Uso<\/a><\/span>\t\t\t\t\t\t\t\t<\/div>\n\t\t\t\t\t<\/div>\n\t\t\t\t<\/div>\n\t\t\t\t<\/div>\n\t\t","protected":false},"excerpt":{"rendered":"<p>Termos de uso 1. Termos Ao acessar ao site Me leva pro Digital, concorda em cumprir estes termos de servi\u00e7o, todas as leis e regulamentos aplic\u00e1veis \u200b\u200be concorda que \u00e9 respons\u00e1vel pelo cumprimento de todas as leis locais aplic\u00e1veis. Se voc\u00ea n\u00e3o concordar com algum desses termos, est\u00e1 proibido de usar ou acessar este site. [&hellip;]<\/p>\n","protected":false},"author":1,"featured_media":0,"parent":0,"menu_order":0,"comment_status":"closed","ping_status":"closed","template":"elementor_canvas","meta":{"_joinchat":[],"footnotes":""},"class_list":["post-950","page","type-page","status-publish","hentry"],"_links":{"self":[{"href":"https:\/\/melevaprodigital.com.br\/lp\/wp-json\/wp\/v2\/pages\/950","targetHints":{"allow":["GET"]}}],"collection":[{"href":"https:\/\/melevaprodigital.com.br\/lp\/wp-json\/wp\/v2\/pages"}],"about":[{"href":"https:\/\/melevaprodigital.com.br\/lp\/wp-json\/wp\/v2\/types\/page"}],"author":[{"embeddable":true,"href":"https:\/\/melevaprodigital.com.br\/lp\/wp-json\/wp\/v2\/users\/1"}],"replies":[{"embeddable":true,"href":"https:\/\/melevaprodigital.com.br\/lp\/wp-json\/wp\/v2\/comments?post=950"}],"version-history":[{"count":0,"href":"https:\/\/melevaprodigital.com.br\/lp\/wp-json\/wp\/v2\/pages\/950\/revisions"}],"wp:attachment":[{"href":"https:\/\/melevaprodigital.com.br\/lp\/wp-json\/wp\/v2\/media?parent=950"}],"curies":[{"name":"wp","href":"https:\/\/api.w.org\/{rel}","templated":true}]}}